{"id":372,"date":"2025-06-09T19:50:22","date_gmt":"2025-06-09T19:50:22","guid":{"rendered":"https:\/\/tabletrotters.com\/stockholm\/faq\/"},"modified":"2025-06-10T12:11:29","modified_gmt":"2025-06-10T12:11:29","slug":"faq","status":"publish","type":"page","link":"https:\/\/tabletrotters.com\/stockholm\/sv\/faq\/","title":{"rendered":"Vanliga fr\u00e5gor och svar"},"content":{"rendered":"<p>[et_pb_section fb_built=&#8221;1&#8243; admin_label=&#8221;Hero&#8221; _builder_version=&#8221;4.27.4&#8243; _module_preset=&#8221;default&#8221; background_color=&#8221;rgba(0,0,0,0.2)&#8221; background_image=&#8221;https:\/\/tabletrotters.com\/stockholm\/wp-content\/uploads\/2025\/06\/work-with-us-header.jpg&#8221; background_blend=&#8221;overlay&#8221; background_last_edited=&#8221;on|phone&#8221; background_image_phone=&#8221;https:\/\/tabletrotters.com\/stockholm\/wp-content\/uploads\/2025\/06\/work-with-us-header-mobile.jpg&#8221; background_enable_image_phone=&#8221;on&#8221; global_colors_info=&#8221;{}&#8221;][et_pb_row custom_padding_last_edited=&#8221;on|phone&#8221; _builder_version=&#8221;4.27.4&#8243; _module_preset=&#8221;default&#8221; custom_padding=&#8221;50px||50px||true|false&#8221; custom_padding_tablet=&#8221;50px||50px||true|false&#8221; custom_padding_phone=&#8221;40px||40px||true|false&#8221; global_colors_info=&#8221;{}&#8221;][et_pb_column type=&#8221;4_4&#8243; _builder_version=&#8221;4.27.4&#8243; _module_preset=&#8221;default&#8221; global_colors_info=&#8221;{}&#8221;][et_pb_text admin_label=&#8221;Title&#8221; _builder_version=&#8221;4.27.4&#8243; _module_preset=&#8221;default&#8221; header_font=&#8221;|700|||||||&#8221; header_font_size=&#8221;72px&#8221; header_line_height=&#8221;1.1em&#8221; header_3_font_size=&#8221;26px&#8221; header_3_line_height=&#8221;1.3em&#8221; text_orientation=&#8221;center&#8221; background_layout=&#8221;dark&#8221; custom_padding=&#8221;|160px||160px|false|true&#8221; custom_padding_tablet=&#8221;|0px||0px|false|true&#8221; custom_padding_phone=&#8221;|0px||0px|false|true&#8221; custom_padding_last_edited=&#8221;on|tablet&#8221; hover_enabled=&#8221;0&#8243; header_font_size_tablet=&#8221;72px&#8221; header_font_size_phone=&#8221;48px&#8221; header_font_size_last_edited=&#8221;on|phone&#8221; header_3_font_size_tablet=&#8221;26px&#8221; header_3_font_size_phone=&#8221;24px&#8221; header_3_font_size_last_edited=&#8221;on|phone&#8221; global_colors_info=&#8221;{}&#8221; sticky_enabled=&#8221;0&#8243;]<\/p>\n<h1>Vanliga fr\u00e5gor<\/h1>\n<p>[\/et_pb_text][et_pb_text admin_label=&#8221;Subtitle&#8221; _builder_version=&#8221;4.27.4&#8243; _module_preset=&#8221;default&#8221; header_font_size=&#8221;72px&#8221; header_line_height=&#8221;1.1em&#8221; header_3_font=&#8221;||||||||&#8221; header_3_font_size=&#8221;26px&#8221; header_3_line_height=&#8221;1.3em&#8221; text_orientation=&#8221;center&#8221; background_layout=&#8221;dark&#8221; custom_margin=&#8221;-20px||||false|false&#8221; custom_padding_tablet=&#8221;|0px||0px|false|true&#8221; custom_padding_phone=&#8221;|0px||0px|false|true&#8221; custom_padding_last_edited=&#8221;off|desktop&#8221; hover_enabled=&#8221;0&#8243; header_font_size_tablet=&#8221;72px&#8221; header_font_size_phone=&#8221;54px&#8221; header_font_size_last_edited=&#8221;on|desktop&#8221; global_colors_info=&#8221;{}&#8221; theme_builder_area=&#8221;post_content&#8221; sticky_enabled=&#8221;0&#8243;]<\/p>\n<h3>Bra att veta innan du bokar<\/h3>\n<p>[\/et_pb_text][\/et_pb_column][\/et_pb_row][\/et_pb_section][et_pb_section fb_built=&#8221;1&#8243; admin_label=&#8221;FAQ&#8221; _builder_version=&#8221;4.27.4&#8243; _module_preset=&#8221;default&#8221; background_enable_color=&#8221;off&#8221; global_colors_info=&#8221;{}&#8221;][et_pb_row custom_padding_last_edited=&#8221;on|tablet&#8221; _builder_version=&#8221;4.27.4&#8243; _module_preset=&#8221;default&#8221; custom_padding=&#8221;0px|250px||250px|false|true&#8221; custom_padding_tablet=&#8221;|0px||0px|false|true&#8221; custom_padding_phone=&#8221;|0px||0px|false|true&#8221; global_colors_info=&#8221;{}&#8221;][et_pb_column type=&#8221;4_4&#8243; _builder_version=&#8221;4.27.4&#8243; _module_preset=&#8221;default&#8221; global_colors_info=&#8221;{}&#8221;][et_pb_toggle title=&#8221;Hur bokar jag?&#8221; open_toggle_text_color=&#8221;#333333&#8243; open_toggle_background_color=&#8221;#FFFFFF&#8221; closed_toggle_text_color=&#8221;#333333&#8243; closed_toggle_background_color=&#8221;#FFFFFF&#8221; icon_color=&#8221;#5c8cb2&#8243; toggle_icon=&#8221;&#x33;||divi||400&#8243; use_icon_font_size=&#8221;on&#8221; icon_font_size=&#8221;24px&#8221; open_icon_color=&#8221;#5c8cb2&#8243; open_toggle_icon=&#8221;&#x32;||divi||400&#8243; open_use_icon_font_size=&#8221;on&#8221; open_icon_font_size=&#8221;24px&#8221; module_class=&#8221;content&#8221; _builder_version=&#8221;4.27.4&#8243; _module_preset=&#8221;default&#8221; title_text_color=&#8221;#333333&#8243; title_font=&#8221;|700|||||||&#8221; title_font_size=&#8221;22px&#8221; title_line_height=&#8221;1.3em&#8221; closed_title_font=&#8221;|700|||||||&#8221; closed_title_font_size=&#8221;22px&#8221; closed_title_line_height=&#8221;1.3em&#8221; body_text_color=&#8221;#333333&#8243; body_link_font=&#8221;||||||||&#8221; background_color=&#8221;#f5f5f5&#8243; hover_enabled=&#8221;0&#8243; border_width_all=&#8221;0px&#8221; border_width_bottom=&#8221;1px&#8221; border_color_bottom=&#8221;#5c8cb2&#8243; global_colors_info=&#8221;{}&#8221; sticky_enabled=&#8221;0&#8243;]<\/p>\n<p>Att boka \u00e4r enkelt. Du v\u00e4ljer bara den tur du vill vara med p\u00e5 och klickar p\u00e5 Boka-knappen. D\u00e4r v\u00e4ljer du datum, tid, antal personer och eventuella special\u00f6nskem\u00e5l. Sedan f\u00e5r du en bekr\u00e4ftelse direkt i din mejl. Efter det \u00e4r det bara att b\u00f6rja l\u00e4ngta efter god mat.<\/p>\n<p>Alla turer betalas i f\u00f6rv\u00e4g via v\u00e5r onlinebokning och det \u00e4r viktigt att du \u00e4r p\u00e5 plats i god tid n\u00e4r turen startar.<\/p>\n<p>Observera att avbokning m\u00e5ste ske senast 48 timmar innan turen startar, om du avbokar senare \u00e4n s\u00e5 sker ingen \u00e5terbetalning. Skulle turen av n\u00e5gon anledning st\u00e4llas in f\u00e5r du full \u00e5terbetalning eller m\u00f6jlighet att boka om till en ny tid.<\/p>\n<p>L\u00e4s mer om v\u00e5ra <a href=\"https:\/\/tabletrotters.com\/stockholm\/sv\/villkor\/\">bokningsvillkor<\/a>.<\/p>\n<p>[\/et_pb_toggle][et_pb_toggle title=&#8221;Hur l\u00e5ng \u00e4r en matvandring?&#8221; open_toggle_text_color=&#8221;#333333&#8243; open_toggle_background_color=&#8221;#FFFFFF&#8221; closed_toggle_text_color=&#8221;#333333&#8243; closed_toggle_background_color=&#8221;#FFFFFF&#8221; icon_color=&#8221;#5c8cb2&#8243; toggle_icon=&#8221;&#x33;||divi||400&#8243; use_icon_font_size=&#8221;on&#8221; icon_font_size=&#8221;24px&#8221; open_icon_color=&#8221;#5c8cb2&#8243; open_toggle_icon=&#8221;&#x32;||divi||400&#8243; open_use_icon_font_size=&#8221;on&#8221; open_icon_font_size=&#8221;24px&#8221; module_class=&#8221;content&#8221; _builder_version=&#8221;4.27.4&#8243; _module_preset=&#8221;default&#8221; title_text_color=&#8221;#333333&#8243; title_font=&#8221;|700|||||||&#8221; title_font_size=&#8221;22px&#8221; title_line_height=&#8221;1.3em&#8221; closed_title_font=&#8221;|700|||||||&#8221; closed_title_font_size=&#8221;22px&#8221; closed_title_line_height=&#8221;1.3em&#8221; body_text_color=&#8221;#333333&#8243; body_link_font=&#8221;||||||||&#8221; background_color=&#8221;#f5f5f5&#8243; hover_enabled=&#8221;0&#8243; border_width_all=&#8221;0px&#8221; border_width_bottom=&#8221;1px&#8221; border_color_bottom=&#8221;#5c8cb2&#8243; global_colors_info=&#8221;{}&#8221; sticky_enabled=&#8221;0&#8243;]De flesta turer tar runt 3 timmar, inklusive flera stopp f\u00f6r mat och dryck. Lagom l\u00e5ng f\u00f6r att hinna b\u00e5de \u00e4ta gott och uppt\u00e4cka stan utan stress.[\/et_pb_toggle][et_pb_toggle title=&#8221;Vad ing\u00e5r i priset?&#8221; open_toggle_text_color=&#8221;#333333&#8243; open_toggle_background_color=&#8221;#FFFFFF&#8221; closed_toggle_text_color=&#8221;#333333&#8243; closed_toggle_background_color=&#8221;#FFFFFF&#8221; icon_color=&#8221;#5c8cb2&#8243; toggle_icon=&#8221;&#x33;||divi||400&#8243; use_icon_font_size=&#8221;on&#8221; icon_font_size=&#8221;24px&#8221; open_icon_color=&#8221;#5c8cb2&#8243; open_toggle_icon=&#8221;&#x32;||divi||400&#8243; open_use_icon_font_size=&#8221;on&#8221; open_icon_font_size=&#8221;24px&#8221; module_class=&#8221;content&#8221; _builder_version=&#8221;4.27.4&#8243; _module_preset=&#8221;default&#8221; title_text_color=&#8221;#333333&#8243; title_font=&#8221;|700|||||||&#8221; title_font_size=&#8221;22px&#8221; title_line_height=&#8221;1.3em&#8221; closed_title_font=&#8221;|700|||||||&#8221; closed_title_font_size=&#8221;22px&#8221; closed_title_line_height=&#8221;1.3em&#8221; body_text_color=&#8221;#333333&#8243; body_link_font=&#8221;||||||||&#8221; background_color=&#8221;#f5f5f5&#8243; hover_enabled=&#8221;0&#8243; border_width_all=&#8221;0px&#8221; border_width_bottom=&#8221;1px&#8221; border_color_bottom=&#8221;#5c8cb2&#8243; global_colors_info=&#8221;{}&#8221; sticky_enabled=&#8221;0&#8243;]All mat som serveras under turen ing\u00e5r \u2013 det blir flera smakprover som tillsammans blir som en rej\u00e4l m\u00e5ltid. I vissa turer ing\u00e5r \u00e4ven dryck. Kolla respektive tur f\u00f6r detaljer.[\/et_pb_toggle][et_pb_toggle title=&#8221;Kan ni anpassa f\u00f6r allergier eller specialkost?&#8221; open_toggle_text_color=&#8221;#333333&#8243; open_toggle_background_color=&#8221;#FFFFFF&#8221; closed_toggle_text_color=&#8221;#333333&#8243; closed_toggle_background_color=&#8221;#FFFFFF&#8221; icon_color=&#8221;#5c8cb2&#8243; toggle_icon=&#8221;&#x33;||divi||400&#8243; use_icon_font_size=&#8221;on&#8221; icon_font_size=&#8221;24px&#8221; open_icon_color=&#8221;#5c8cb2&#8243; open_toggle_icon=&#8221;&#x32;||divi||400&#8243; open_use_icon_font_size=&#8221;on&#8221; open_icon_font_size=&#8221;24px&#8221; module_class=&#8221;content&#8221; _builder_version=&#8221;4.27.4&#8243; _module_preset=&#8221;default&#8221; title_text_color=&#8221;#333333&#8243; title_font=&#8221;|700|||||||&#8221; title_font_size=&#8221;22px&#8221; title_line_height=&#8221;1.3em&#8221; closed_title_font=&#8221;|700|||||||&#8221; closed_title_font_size=&#8221;22px&#8221; closed_title_line_height=&#8221;1.3em&#8221; body_text_color=&#8221;#333333&#8243; body_link_font=&#8221;||||||||&#8221; background_color=&#8221;#f5f5f5&#8243; hover_enabled=&#8221;0&#8243; border_width_all=&#8221;0px&#8221; border_width_bottom=&#8221;1px&#8221; border_color_bottom=&#8221;#5c8cb2&#8243; global_colors_info=&#8221;{}&#8221; sticky_enabled=&#8221;0&#8243;]Ja, vi fixar vegetariskt, veganskt, glutenfritt och annat \u2013 bara du s\u00e4ger till i f\u00f6rv\u00e4g n\u00e4r du bokar. Vi g\u00f6r v\u00e5rt b\u00e4sta f\u00f6r att anpassa upplevelsen.[\/et_pb_toggle][et_pb_toggle title=&#8221;\u00c4r matvandringarna p\u00e5 engelska eller svenska?&#8221; open_toggle_text_color=&#8221;#333333&#8243; open_toggle_background_color=&#8221;#FFFFFF&#8221; closed_toggle_text_color=&#8221;#333333&#8243; closed_toggle_background_color=&#8221;#FFFFFF&#8221; icon_color=&#8221;#5c8cb2&#8243; toggle_icon=&#8221;&#x33;||divi||400&#8243; use_icon_font_size=&#8221;on&#8221; icon_font_size=&#8221;24px&#8221; open_icon_color=&#8221;#5c8cb2&#8243; open_toggle_icon=&#8221;&#x32;||divi||400&#8243; open_use_icon_font_size=&#8221;on&#8221; open_icon_font_size=&#8221;24px&#8221; module_class=&#8221;content&#8221; _builder_version=&#8221;4.27.4&#8243; _module_preset=&#8221;default&#8221; title_text_color=&#8221;#333333&#8243; title_font=&#8221;|700|||||||&#8221; title_font_size=&#8221;22px&#8221; title_line_height=&#8221;1.3em&#8221; closed_title_font=&#8221;|700|||||||&#8221; closed_title_font_size=&#8221;22px&#8221; closed_title_line_height=&#8221;1.3em&#8221; body_text_color=&#8221;#333333&#8243; body_link_font=&#8221;||||||||&#8221; background_color=&#8221;#f5f5f5&#8243; hover_enabled=&#8221;0&#8243; border_width_all=&#8221;0px&#8221; border_width_bottom=&#8221;1px&#8221; border_color_bottom=&#8221;#5c8cb2&#8243; global_colors_info=&#8221;{}&#8221; sticky_enabled=&#8221;0&#8243;]De flesta turer g\u00e5r p\u00e5 engelska, men ibland erbjuder vi \u00e4ven svenska. Det st\u00e5r alltid angivet n\u00e4r du bokar vilket spr\u00e5k som g\u00e4ller.[\/et_pb_toggle][et_pb_toggle title=&#8221;\u00c4r det barnv\u00e4nligt?&#8221; open_toggle_text_color=&#8221;#333333&#8243; open_toggle_background_color=&#8221;#FFFFFF&#8221; closed_toggle_text_color=&#8221;#333333&#8243; closed_toggle_background_color=&#8221;#FFFFFF&#8221; icon_color=&#8221;#5c8cb2&#8243; toggle_icon=&#8221;&#x33;||divi||400&#8243; use_icon_font_size=&#8221;on&#8221; icon_font_size=&#8221;24px&#8221; open_icon_color=&#8221;#5c8cb2&#8243; open_toggle_icon=&#8221;&#x32;||divi||400&#8243; open_use_icon_font_size=&#8221;on&#8221; open_icon_font_size=&#8221;24px&#8221; module_class=&#8221;content&#8221; _builder_version=&#8221;4.27.4&#8243; _module_preset=&#8221;default&#8221; title_text_color=&#8221;#333333&#8243; title_font=&#8221;|700|||||||&#8221; title_font_size=&#8221;22px&#8221; title_line_height=&#8221;1.3em&#8221; closed_title_font=&#8221;|700|||||||&#8221; closed_title_font_size=&#8221;22px&#8221; closed_title_line_height=&#8221;1.3em&#8221; body_text_color=&#8221;#333333&#8243; body_link_font=&#8221;||||||||&#8221; background_color=&#8221;#f5f5f5&#8243; hover_enabled=&#8221;0&#8243; border_width_all=&#8221;0px&#8221; border_width_bottom=&#8221;1px&#8221; border_color_bottom=&#8221;#5c8cb2&#8243; global_colors_info=&#8221;{}&#8221; sticky_enabled=&#8221;0&#8243;]Absolut, s\u00e5 l\u00e4nge barnen gillar att smaka nytt och orkar promenera lite. Turerna \u00e4r lagom l\u00e5nga och det finns n\u00e5got gott f\u00f6r de flesta.[\/et_pb_toggle][et_pb_text module_class=&#8221;content&#8221; _builder_version=&#8221;4.27.4&#8243; _module_preset=&#8221;default&#8221; custom_margin=&#8221;40px||||false|false&#8221; hover_enabled=&#8221;0&#8243; global_colors_info=&#8221;{}&#8221; sticky_enabled=&#8221;0&#8243;]<\/p>\n<p>Hittar du inte svaret p\u00e5 din fr\u00e5ga? H\u00f6r av dig till\u00a0 oss p\u00e5 <a href=\"mailto:stockholm@tabletrotters.com\">stockholm@tabletrotters.com<\/a><\/p>\n<p>[\/et_pb_text][\/et_pb_column][\/et_pb_row][\/et_pb_section]<\/p>\n","protected":false},"excerpt":{"rendered":"<p>Vanliga fr\u00e5gorBra att veta innan du bokarAtt boka \u00e4r enkelt. Du v\u00e4ljer bara den tur du vill vara med p\u00e5 och klickar p\u00e5 Boka-knappen. D\u00e4r v\u00e4ljer du datum, tid, antal personer och eventuella special\u00f6nskem\u00e5l. Sedan f\u00e5r du en bekr\u00e4ftelse direkt i din mejl. Efter det \u00e4r det bara att b\u00f6rja l\u00e4ngta efter god mat. Alla [&hellip;]<\/p>\n","protected":false},"author":1,"featured_media":0,"parent":0,"menu_order":0,"comment_status":"closed","ping_status":"closed","template":"","meta":{"_et_pb_use_builder":"on","_et_pb_old_content":"","_et_gb_content_width":"","footnotes":""},"class_list":["post-372","page","type-page","status-publish","hentry"],"_links":{"self":[{"href":"https:\/\/tabletrotters.com\/stockholm\/sv\/wp-json\/wp\/v2\/pages\/372","targetHints":{"allow":["GET"]}}],"collection":[{"href":"https:\/\/tabletrotters.com\/stockholm\/sv\/wp-json\/wp\/v2\/pages"}],"about":[{"href":"https:\/\/tabletrotters.com\/stockholm\/sv\/wp-json\/wp\/v2\/types\/page"}],"author":[{"embeddable":true,"href":"https:\/\/tabletrotters.com\/stockholm\/sv\/wp-json\/wp\/v2\/users\/1"}],"replies":[{"embeddable":true,"href":"https:\/\/tabletrotters.com\/stockholm\/sv\/wp-json\/wp\/v2\/comments?post=372"}],"version-history":[{"count":3,"href":"https:\/\/tabletrotters.com\/stockholm\/sv\/wp-json\/wp\/v2\/pages\/372\/revisions"}],"predecessor-version":[{"id":375,"href":"https:\/\/tabletrotters.com\/stockholm\/sv\/wp-json\/wp\/v2\/pages\/372\/revisions\/375"}],"wp:attachment":[{"href":"https:\/\/tabletrotters.com\/stockholm\/sv\/wp-json\/wp\/v2\/media?parent=372"}],"curies":[{"name":"wp","href":"https:\/\/api.w.org\/{rel}","templated":true}]}}