{"id":336,"date":"2025-06-09T11:42:06","date_gmt":"2025-06-09T11:42:06","guid":{"rendered":"https:\/\/tabletrotters.com\/stockholm\/terms-conditions\/"},"modified":"2025-06-10T14:49:59","modified_gmt":"2025-06-10T14:49:59","slug":"villkor","status":"publish","type":"page","link":"https:\/\/tabletrotters.com\/stockholm\/sv\/villkor\/","title":{"rendered":"Bokningsvillkor"},"content":{"rendered":"<p>[et_pb_section fb_built=&#8221;1&#8243; admin_label=&#8221;Hero&#8221; _builder_version=&#8221;4.27.4&#8243; _module_preset=&#8221;default&#8221; background_color=&#8221;rgba(0,0,0,0.2)&#8221; background_image=&#8221;https:\/\/tabletrotters.com\/stockholm\/wp-content\/uploads\/2025\/06\/terms-conditions-header.jpg&#8221; background_blend=&#8221;overlay&#8221; background_last_edited=&#8221;on|phone&#8221; background_image_phone=&#8221;https:\/\/tabletrotters.com\/stockholm\/wp-content\/uploads\/2025\/06\/terms-conditions-header-mobile.jpg&#8221; background_enable_image_phone=&#8221;on&#8221; global_colors_info=&#8221;{}&#8221;][et_pb_row custom_padding_last_edited=&#8221;on|phone&#8221; _builder_version=&#8221;4.27.4&#8243; _module_preset=&#8221;default&#8221; custom_padding=&#8221;50px||50px||true|false&#8221; custom_padding_tablet=&#8221;50px||50px||true|false&#8221; custom_padding_phone=&#8221;40px||40px||true|false&#8221; global_colors_info=&#8221;{}&#8221;][et_pb_column type=&#8221;4_4&#8243; _builder_version=&#8221;4.27.4&#8243; _module_preset=&#8221;default&#8221; global_colors_info=&#8221;{}&#8221;][et_pb_text admin_label=&#8221;Title&#8221; _builder_version=&#8221;4.27.4&#8243; _module_preset=&#8221;default&#8221; header_font=&#8221;|700|||||||&#8221; header_font_size=&#8221;72px&#8221; header_line_height=&#8221;1.1em&#8221; header_3_font_size=&#8221;26px&#8221; header_3_line_height=&#8221;1.3em&#8221; text_orientation=&#8221;center&#8221; background_layout=&#8221;dark&#8221; custom_padding=&#8221;|160px||160px|false|true&#8221; custom_padding_tablet=&#8221;|0px||0px|false|true&#8221; custom_padding_phone=&#8221;|0px||0px|false|true&#8221; custom_padding_last_edited=&#8221;on|tablet&#8221; header_font_size_tablet=&#8221;72px&#8221; header_font_size_phone=&#8221;48px&#8221; header_font_size_last_edited=&#8221;on|phone&#8221; header_3_font_size_tablet=&#8221;26px&#8221; header_3_font_size_phone=&#8221;24px&#8221; header_3_font_size_last_edited=&#8221;on|phone&#8221; global_colors_info=&#8221;{}&#8221;]<\/p>\n<h1>Bokningsvillkor<\/h1>\n<p>[\/et_pb_text][\/et_pb_column][\/et_pb_row][\/et_pb_section][et_pb_section fb_built=&#8221;1&#8243; admin_label=&#8221;About&#8221; _builder_version=&#8221;4.27.4&#8243; _module_preset=&#8221;default&#8221; background_enable_color=&#8221;off&#8221; global_colors_info=&#8221;{}&#8221;][et_pb_row custom_padding_last_edited=&#8221;on|tablet&#8221; _builder_version=&#8221;4.27.4&#8243; _module_preset=&#8221;default&#8221; custom_padding=&#8221;0px|300px|0px|300px|false|true&#8221; custom_padding_tablet=&#8221;|0px||0px|false|true&#8221; custom_padding_phone=&#8221;|0px||0px|false|true&#8221; hover_enabled=&#8221;0&#8243; global_colors_info=&#8221;{}&#8221; sticky_enabled=&#8221;0&#8243;][et_pb_column type=&#8221;4_4&#8243; _builder_version=&#8221;4.27.4&#8243; _module_preset=&#8221;default&#8221; global_colors_info=&#8221;{}&#8221;][et_pb_text module_class=&#8221;content&#8221; _builder_version=&#8221;4.27.4&#8243; _module_preset=&#8221;default&#8221; header_2_font=&#8221;|700|||||||&#8221; header_2_font_size=&#8221;28px&#8221; header_2_line_height=&#8221;1.3em&#8221; header_5_font=&#8221;|700||on|||||&#8221; header_5_text_align=&#8221;center&#8221; header_5_text_color=&#8221;#5c8cb2&#8243; header_5_font_size=&#8221;20px&#8221; header_5_letter_spacing=&#8221;2px&#8221; custom_margin=&#8221;||40px||false|false&#8221; header_2_font_size_tablet=&#8221;28px&#8221; header_2_font_size_phone=&#8221;26px&#8221; header_2_font_size_last_edited=&#8221;on|desktop&#8221; global_colors_info=&#8221;{}&#8221;]<\/p>\n<p>Vi vill att din upplevelse ska bli s\u00e5 smidig, trygg och trevlig som m\u00f6jligt. L\u00e4s d\u00e4rf\u00f6r g\u00e4rna igenom v\u00e5ra bokningsvillkor innan din matvandring<br \/>.<\/p>\n<h2>Bokning och betalning<\/h2>\n<ul>\n<li>Alla matvandringar bokas i f\u00f6rv\u00e4g.<\/li>\n<li>Betalning sker i samband med bokningen via v\u00e5rt s\u00e4kra bokningssystem online.<\/li>\n<li>Du f\u00e5r en bekr\u00e4ftelse via mejl n\u00e4r bokningen \u00e4r klar.<\/li>\n<\/ul>\n<h2>Avbokning och \u00e5terbetalning<\/h2>\n<ul>\n<li>Avbokar du minst 48 timmar f\u00f6re turen f\u00e5r du full \u00e5terbetalning.<\/li>\n<li>Vid avbokning senare \u00e4n 48 timmar innan start \u00e5terbetalas inget.<\/li>\n<li>Om vi beh\u00f6ver st\u00e4lla in (till exempel vid sjukdom eller d\u00e5ligt v\u00e4der) f\u00e5r du sj\u00e4lvklart pengarna tillbaka eller m\u00f6jlighet att boka om till ett annat datum.<\/li>\n<\/ul>\n<h2>Sena ankomster och uteblivna deltagare<\/h2>\n<ul>\n<li>Kom i tid. Matvandringarna b\u00f6rjar p\u00e5 utsatt tid och vi har inte m\u00f6jlighet att inv\u00e4nta deltagare som \u00e4r sena.<\/li>\n<li>Att komma f\u00f6rsent eller utebli helt ger ingen \u00e5terbetalning.<\/li>\n<\/ul>\n<h2>Specialkost eller allergier<\/h2>\n<ul>\n<li>Informera oss vid bokningen om du har allergier eller vill ha specialkost.<\/li>\n<li> Vi f\u00f6rs\u00f6ker alltid anpassa i s\u00e5 stor utstr\u00e4ckning det g\u00e5r, men kan inte lova att varje stopp g\u00e5r att skr\u00e4ddarsy helt.<\/li>\n<\/ul>\n<h2>Trygghet och uppf\u00f6rande<\/h2>\n<ul>\n<li>Visa respekt f\u00f6r guiden, andra deltagare och de st\u00e4llen vi bes\u00f6ker.<\/li>\n<li>St\u00f6rande eller ol\u00e4mpligt beteende kan leda till att du avvisas fr\u00e5n turen utan \u00e5terbetalning.<\/li>\n<\/ul>\n<p>[\/et_pb_text][\/et_pb_column][\/et_pb_row][\/et_pb_section]<\/p>\n","protected":false},"excerpt":{"rendered":"<p>BokningsvillkorVi vill att din upplevelse ska bli s\u00e5 smidig, trygg och trevlig som m\u00f6jligt. L\u00e4s d\u00e4rf\u00f6r g\u00e4rna igenom v\u00e5ra bokningsvillkor innan din matvandring. Bokning och betalning Alla matvandringar bokas i f\u00f6rv\u00e4g. Betalning sker i samband med bokningen via v\u00e5rt s\u00e4kra bokningssystem online. Du f\u00e5r en bekr\u00e4ftelse via mejl n\u00e4r bokningen \u00e4r klar. Avbokning och \u00e5terbetalning [&hellip;]<\/p>\n","protected":false},"author":1,"featured_media":0,"parent":0,"menu_order":0,"comment_status":"closed","ping_status":"closed","template":"","meta":{"_et_pb_use_builder":"on","_et_pb_old_content":"","_et_gb_content_width":"","footnotes":""},"class_list":["post-336","page","type-page","status-publish","hentry"],"_links":{"self":[{"href":"https:\/\/tabletrotters.com\/stockholm\/sv\/wp-json\/wp\/v2\/pages\/336","targetHints":{"allow":["GET"]}}],"collection":[{"href":"https:\/\/tabletrotters.com\/stockholm\/sv\/wp-json\/wp\/v2\/pages"}],"about":[{"href":"https:\/\/tabletrotters.com\/stockholm\/sv\/wp-json\/wp\/v2\/types\/page"}],"author":[{"embeddable":true,"href":"https:\/\/tabletrotters.com\/stockholm\/sv\/wp-json\/wp\/v2\/users\/1"}],"replies":[{"embeddable":true,"href":"https:\/\/tabletrotters.com\/stockholm\/sv\/wp-json\/wp\/v2\/comments?post=336"}],"version-history":[{"count":3,"href":"https:\/\/tabletrotters.com\/stockholm\/sv\/wp-json\/wp\/v2\/pages\/336\/revisions"}],"predecessor-version":[{"id":381,"href":"https:\/\/tabletrotters.com\/stockholm\/sv\/wp-json\/wp\/v2\/pages\/336\/revisions\/381"}],"wp:attachment":[{"href":"https:\/\/tabletrotters.com\/stockholm\/sv\/wp-json\/wp\/v2\/media?parent=336"}],"curies":[{"name":"wp","href":"https:\/\/api.w.org\/{rel}","templated":true}]}}