{"id":318,"date":"2025-06-09T11:16:36","date_gmt":"2025-06-09T11:16:36","guid":{"rendered":"https:\/\/tabletrotters.com\/stockholm\/advertising-collaborations\/"},"modified":"2025-06-10T08:49:06","modified_gmt":"2025-06-10T08:49:06","slug":"annonsering-samarbeten","status":"publish","type":"page","link":"https:\/\/tabletrotters.com\/stockholm\/sv\/annonsering-samarbeten\/","title":{"rendered":"Annonsering &#038; samarbeten"},"content":{"rendered":"<p>[et_pb_section fb_built=&#8221;1&#8243; admin_label=&#8221;Hero&#8221; _builder_version=&#8221;4.27.4&#8243; _module_preset=&#8221;default&#8221; background_color=&#8221;rgba(0,0,0,0.2)&#8221; background_image=&#8221;https:\/\/tabletrotters.com\/stockholm\/wp-content\/uploads\/2025\/06\/advertising-header.jpg&#8221; background_last_edited=&#8221;on|phone&#8221; background_image_phone=&#8221;https:\/\/tabletrotters.com\/stockholm\/wp-content\/uploads\/2025\/06\/advertising-header-mobile.jpg&#8221; background_enable_image_phone=&#8221;on&#8221; global_colors_info=&#8221;{}&#8221;][et_pb_row custom_padding_last_edited=&#8221;on|phone&#8221; _builder_version=&#8221;4.27.4&#8243; _module_preset=&#8221;default&#8221; custom_padding=&#8221;50px||50px||true|false&#8221; custom_padding_tablet=&#8221;50px||50px||true|false&#8221; custom_padding_phone=&#8221;40px||40px||true|false&#8221; global_colors_info=&#8221;{}&#8221;][et_pb_column type=&#8221;4_4&#8243; _builder_version=&#8221;4.27.4&#8243; _module_preset=&#8221;default&#8221; global_colors_info=&#8221;{}&#8221;][et_pb_text admin_label=&#8221;Title&#8221; _builder_version=&#8221;4.27.4&#8243; _module_preset=&#8221;default&#8221; header_font=&#8221;|700|||||||&#8221; header_font_size=&#8221;72px&#8221; header_line_height=&#8221;1.1em&#8221; header_3_font_size=&#8221;26px&#8221; header_3_line_height=&#8221;1.3em&#8221; text_orientation=&#8221;center&#8221; background_layout=&#8221;dark&#8221; custom_padding=&#8221;|160px||160px|false|true&#8221; custom_padding_tablet=&#8221;|0px||0px|false|true&#8221; custom_padding_phone=&#8221;|0px||0px|false|true&#8221; custom_padding_last_edited=&#8221;on|tablet&#8221; header_font_size_tablet=&#8221;72px&#8221; header_font_size_phone=&#8221;48px&#8221; header_font_size_last_edited=&#8221;on|phone&#8221; header_3_font_size_tablet=&#8221;26px&#8221; header_3_font_size_phone=&#8221;24px&#8221; header_3_font_size_last_edited=&#8221;on|phone&#8221; global_colors_info=&#8221;{}&#8221;]<\/p>\n<h1>Annonsering &#038; samarbeten<\/h1>\n<p>[\/et_pb_text][\/et_pb_column][\/et_pb_row][\/et_pb_section][et_pb_section fb_built=&#8221;1&#8243; admin_label=&#8221;About&#8221; _builder_version=&#8221;4.27.4&#8243; _module_preset=&#8221;default&#8221; background_enable_color=&#8221;off&#8221; global_colors_info=&#8221;{}&#8221;][et_pb_row custom_padding_last_edited=&#8221;on|tablet&#8221; _builder_version=&#8221;4.27.4&#8243; _module_preset=&#8221;default&#8221; custom_padding=&#8221;|300px||300px|false|true&#8221; custom_padding_tablet=&#8221;|0px||0px|false|true&#8221; custom_padding_phone=&#8221;|0px||0px|false|true&#8221; hover_enabled=&#8221;0&#8243; global_colors_info=&#8221;{}&#8221; sticky_enabled=&#8221;0&#8243;][et_pb_column type=&#8221;4_4&#8243; _builder_version=&#8221;4.27.4&#8243; _module_preset=&#8221;default&#8221; global_colors_info=&#8221;{}&#8221;][et_pb_text module_class=&#8221;content&#8221; _builder_version=&#8221;4.27.4&#8243; _module_preset=&#8221;default&#8221; header_2_font=&#8221;|700|||||||&#8221; header_2_text_align=&#8221;center&#8221; header_2_font_size=&#8221;42px&#8221; header_2_line_height=&#8221;1.3em&#8221; header_5_font=&#8221;|700||on|||||&#8221; header_5_text_align=&#8221;center&#8221; header_5_text_color=&#8221;#5c8cb2&#8243; header_5_font_size=&#8221;20px&#8221; header_5_letter_spacing=&#8221;2px&#8221; custom_margin=&#8221;||40px||false|false&#8221; hover_enabled=&#8221;0&#8243; header_2_font_size_tablet=&#8221;42px&#8221; header_2_font_size_phone=&#8221;36px&#8221; header_2_font_size_last_edited=&#8221;on|desktop&#8221; global_colors_info=&#8221;{}&#8221; sticky_enabled=&#8221;0&#8243;]<\/p>\n<p>Letar du efter ett smart s\u00e4tt att n\u00e5 matintresserade bes\u00f6kare i Stockholm? Vi samarbetar med varum\u00e4rken, restauranger och kreat\u00f6rer som vill skapa genuina matupplevelser och synas d\u00e4r det h\u00e4nder &#8211; runt bordet.<\/p>\n<p>L\u00e5t oss skapa n\u00e5got ihop som smakar mer \u00e4n bara reklam. H\u00f6r av dig p\u00e5<br \/><a href=\"mailto:collab@tabletrotters.com\">collab@tabletrotters.com<\/a><\/p>\n<p>[\/et_pb_text][\/et_pb_column][\/et_pb_row][\/et_pb_section]<\/p>\n","protected":false},"excerpt":{"rendered":"<p>Annonsering &#038; samarbetenLetar du efter ett smart s\u00e4tt att n\u00e5 matintresserade bes\u00f6kare i Stockholm? Vi samarbetar med varum\u00e4rken, restauranger och kreat\u00f6rer som vill skapa genuina matupplevelser och synas d\u00e4r det h\u00e4nder &#8211; runt bordet. L\u00e5t oss skapa n\u00e5got ihop som smakar mer \u00e4n bara reklam. H\u00f6r av dig p\u00e5collab@tabletrotters.com<\/p>\n","protected":false},"author":1,"featured_media":0,"parent":0,"menu_order":0,"comment_status":"closed","ping_status":"closed","template":"","meta":{"_et_pb_use_builder":"on","_et_pb_old_content":"","_et_gb_content_width":"","footnotes":""},"class_list":["post-318","page","type-page","status-publish","hentry"],"_links":{"self":[{"href":"https:\/\/tabletrotters.com\/stockholm\/sv\/wp-json\/wp\/v2\/pages\/318","targetHints":{"allow":["GET"]}}],"collection":[{"href":"https:\/\/tabletrotters.com\/stockholm\/sv\/wp-json\/wp\/v2\/pages"}],"about":[{"href":"https:\/\/tabletrotters.com\/stockholm\/sv\/wp-json\/wp\/v2\/types\/page"}],"author":[{"embeddable":true,"href":"https:\/\/tabletrotters.com\/stockholm\/sv\/wp-json\/wp\/v2\/users\/1"}],"replies":[{"embeddable":true,"href":"https:\/\/tabletrotters.com\/stockholm\/sv\/wp-json\/wp\/v2\/comments?post=318"}],"version-history":[{"count":3,"href":"https:\/\/tabletrotters.com\/stockholm\/sv\/wp-json\/wp\/v2\/pages\/318\/revisions"}],"predecessor-version":[{"id":327,"href":"https:\/\/tabletrotters.com\/stockholm\/sv\/wp-json\/wp\/v2\/pages\/318\/revisions\/327"}],"wp:attachment":[{"href":"https:\/\/tabletrotters.com\/stockholm\/sv\/wp-json\/wp\/v2\/media?parent=318"}],"curies":[{"name":"wp","href":"https:\/\/api.w.org\/{rel}","templated":true}]}}